{"id":23,"date":"2012-09-13T11:49:20","date_gmt":"2012-09-13T14:49:20","guid":{"rendered":"http:\/\/www.oxynet.com.br\/site\/?page_id=23"},"modified":"2013-06-10T14:14:24","modified_gmt":"2013-06-10T17:14:24","slug":"23-2","status":"publish","type":"page","link":"https:\/\/www.oxynet.com.br\/site\/","title":{"rendered":""},"content":{"rendered":"<div style=\"width: 100%; height: 1px; margin-top: -75px;\"><\/div>\n\r\n<div class=\"title_big\">\r\n<h2>Planos &amp; <span>Pre\u00e7os<\/span><\/h2>\r\n<p class=\"subtitle\">Escolha o plano certo para voc\u00ea!<\/p>\r\n\r\n<\/div>\r\n<div class=\"pricing_box\">\r\n<ul>\r\n\t<li class=\"price_col\">\r\n<div class=\"price_item\">\r\n<div class=\"price_col_head head_green_dark\"><strong>B\u00c1SICO<\/strong>\r\n<span class=\"price\"><em>R$<\/em>22<sup>,00<\/sup><em>\/m\u00eas<\/em><\/span><\/div>\r\n<div class=\"price_col_body\">\r\n<ul>\r\n\t<li><strong>5 GB<\/strong> Espa\u00e7o em Disco (Site + Email)<\/li>\r\n\t<li><strong>20 GB<\/strong> Transfer\u00eancia Mensal<\/li>\r\n\t<li><strong>2<\/strong> Sub-Dom\u00ednios<\/li>\r\n\t<li>Contas de E-mail <strong>ILIMITADAS<\/strong><\/li>\r\n\t<li>Painel de Controle <strong>cPanel<\/strong><\/li>\r\n\t<li>Ativa\u00e7\u00e3o em at\u00e9 <strong>24 Horas<\/strong><\/li>\r\n<\/ul>\r\n<div class=\"price_body_bot\">Perfeito para: <strong>Pequenas Empresas<\/strong><\/div>\r\n<\/div>\r\n<div class=\"price_col_foot\">\r\n<div class=\"sign_up\"><a href=\"http:\/\/www.oxynet.com.br\/central\/cart.php?a=add&pid=2&carttpl=cart\">Assinar <strong>AGORA<\/strong><\/a><\/div>\r\n<div class=\"sprite_images pricing_footer\"><\/div>\r\n\r\n<\/div>\r\n<\/div><\/li>\r\n\t<li class=\"price_col\">\r\n<div class=\"price_item\">\r\n<div class=\"price_col_head head_red\"><strong>PROFISSIONAL<\/strong>\r\n<span class=\"price\"><em>R$<\/em>39<sup>,00<\/sup><em>\/m\u00eas<\/em><\/span><\/div>\r\n<div class=\"price_col_body\">\r\n<ul>\r\n\t<li><strong>10 GB<\/strong> Espa\u00e7o em Disco (Site + Email)<\/li>\r\n\t<li><strong>40 GB<\/strong> Transfer\u00eancia Mensal<\/li>\r\n\t<li><strong>5<\/strong> Sub-Dom\u00ednios<\/li>\r\n\t<li>Contas de E-mail <strong>ILIMITADAS<\/strong><\/li>\r\n\t<li>Painel de Controle <strong>cPanel<\/strong><\/li>\r\n\t<li>Ativa\u00e7\u00e3o em at\u00e9 <strong>24 Horas<\/strong><\/li>\r\n<\/ul>\r\n<div class=\"price_body_bot\">Perfeito para: <strong>Grandes Empresas<\/strong><\/div>\r\n<\/div>\r\n<div class=\"price_col_foot\">\r\n<div class=\"sign_up\"><a href=\"http:\/\/www.oxynet.com.br\/central\/cart.php?a=add&pid=3&carttpl=cart\">Assinar <strong>AGORA<\/strong><\/a><\/div>\r\n<div class=\"sprite_images pricing_footer\"><\/div>\r\n\r\n<\/div>\r\n<\/div><\/li>\r\n\t<li class=\"price_col\">\r\n<div class=\"price_item\">\r\n<div class=\"price_col_head head_red_dark\"><strong>EMPRESARIAL<\/strong>\r\n<span class=\"price\"><em>R$<\/em>54<sup>,00<\/sup><em>\/m\u00eas<\/em><\/span><\/div>\r\n<div class=\"price_col_body\">\r\n<ul>\r\n\t<li><strong>20 GB<\/strong> Espa\u00e7o em Disco (Site + Email)<\/li>\r\n\t<li><strong>80 GB<\/strong> Transfer\u00eancia Mensal<\/li>\r\n\t<li><strong>10<\/strong> Sub-Dom\u00ednios<\/li>\r\n\t<li>Contas de E-mail <strong>ILIMITADAS<\/strong><\/li>\r\n\t<li>Painel de Controle <strong>cPanel<\/strong><\/li>\r\n\t<li>Ativa\u00e7\u00e3o em at\u00e9 <strong>24 Horas<\/strong><\/li>\r\n<\/ul>\r\n<div class=\"price_body_bot\">Perfeito para: <strong>Loja Virtual<\/strong><\/div>\r\n<\/div>\r\n<div class=\"price_col_foot\">\r\n<div class=\"sign_up\"><a href=\"http:\/\/www.oxynet.com.br\/central\/cart.php?a=add&pid=4&carttpl=cart\">Assinar <strong>AGORA<\/strong><\/a><\/div>\r\n<div class=\"sprite_images pricing_footer\"><\/div>\r\n\r\n<\/div>\r\n<\/div><\/li>\r\n<\/ul>\r\n<div class=\"clear\"><\/div>\r\n<\/div><\/br><\/br>\r\n<!--\/ pricing table -->\r\n\r\n<!--\/ topSlider-->\r\n                <div class=\"title_big\">\r\n                    <p class=\"subtitle\">Nossos planos de Hospedagem s\u00e3o cheios de recursos e totalmente confi\u00e1veis.<\/p>\r\n                <\/div>\r\n\r\n                \r\n                <!-- features block -->\r\n                <div class=\"box box_border box_white\">\r\n                \r\n\t\t\t\t\t<div class=\"col col_1_2\">\r\n                        <div class=\"inner\">\r\n                        \r\n\t                        <div class=\"feature_block\">\r\n<div class=\"recursos_images painel\"><\/div>\r\n\t                       \t  \t<div class=\"feature_descr\">\r\n\t                            <h3>PAINEL DE CONTROLE<\/h3>\r\n\t                          \t<p>Utilizamos em todos os nossos servidores Linux o painel de Controle cPanel rodando a \u00faltima versao est\u00e1vel, juntamente com PHP 5.2, MySQL 5. Suportamos aplica\u00e7\u00e3o em Perl, Ruby on Rails, Python, SSI, Curl e GD. Caso tenha d\u00favida se sua aplica\u00e7\u00e3o ir\u00e1 rodar conosco entre em contato.<\/p>\r\n\t                            <\/div>\r\n\t                        <\/div>\r\n                        \r\n                        <\/div>\r\n                    <\/div>\r\n                    \r\n                  \t<div class=\"col col_1_2\">\r\n                        <div class=\"inner\">\r\n                        \r\n                        \t<div class=\"feature_block\">\r\n<div class=\"recursos_images chat\"><\/div>\r\n\t\t                        <div class=\"feature_descr\">\r\n\t\t                          <h3>ATENDIMENTO ONLINE<\/h3>\r\n\t\t\t                        <p>Al\u00e9m do atendimento via Telefone e E-mail, agora contamos tamb\u00e9m com suporte via Chat Online atrav\u00e9s de nosso site, continuamos tamb\u00e9m atendendo atrav\u00e9s do MSN e Skype.<\/p>\r\n\t                          \t<\/div>\r\n                         \t<\/div>\r\n                          \r\n\t\t\t\t\t\t<\/div>\r\n\t\t\t\t\t<\/div>\r\n                    \r\n                    <div class=\"clear\"><\/div>\r\n                    \r\n                    <div class=\"col col_1_2\">\r\n                        <div class=\"inner\">\r\n                        \r\n\t                        <div class=\"feature_block\">\r\n<div class=\"recursos_images backup\"><\/div>\r\n\t                       \t  \t<div class=\"feature_descr\">\r\n\t                            <h3>BACKUP DI\u00c1RIO<\/h3>\r\n\t                          \t<p>Possu\u00edmos em nossos servidores um sistema de backup di\u00e1rio, assim mantendo uma c\u00f3pia de seus arquivos o mais seguro poss\u00edvel.<\/p>\r\n\t                            <\/div>\r\n\t                        <\/div>\r\n                        \r\n                        <\/div>\r\n                    <\/div>\r\n                    \r\n                  \t<div class=\"col col_1_2\">\r\n                        <div class=\"inner\">\r\n                        \r\n                        \t<div class=\"feature_block\">\r\n<div class=\"recursos_images imap\"><\/div>\r\n\t\t                        <div class=\"feature_descr\">\r\n\t\t                          <h3>SUPORTE IMAP\/POP\/SMTP<\/h3>\r\n\t\t\t                      <p>Gostaria de utilizar seu email em seu celular\/tablet sincronizado com seu Outlook, simples, basta configurar suas contas utilizando o protocolo IMAP.<\/p>\r\n\t                          \t<\/div>\r\n                         \t<\/div>\r\n                          \r\n\t\t\t\t\t\t<\/div>\r\n\t\t\t\t\t<\/div>\r\n\r\n                    <div class=\"col col_1_2\">\r\n                        <div class=\"inner\">\r\n                        \r\n\t                        <div class=\"feature_block\">\r\n<div class=\"recursos_images uptime\"><\/div>\r\n\t                       \t  \t<div class=\"feature_descr\">\r\n\t                            <h3>GARANTIA DE 99.9% ONLINE<\/h3>\r\n\t                          \t<p>Garantimos seu site online 99.9%*, sendo assim ter\u00e1 o m\u00e1ximo de retorno de seu site\/emails. (N\u00e3o contabilizado o tempo offline por causa do backup, que poder\u00e1 demorar devido a quantidade de arquivos de sua conta)<\/p>\r\n\t                            <\/div>\r\n\t                        <\/div>\r\n                        \r\n                        <\/div>\r\n                    <\/div>\r\n                    \r\n                  \t<div class=\"col col_1_2\">\r\n                        <div class=\"inner\">\r\n                        \r\n                        \t<div class=\"feature_block\">\r\n<div class=\"recursos_images estatistica\"><\/div>\r\n\t\t                        <div class=\"feature_descr\">\r\n\t\t                          <h3>ESTAT\u00cdSTICAS<\/h3>\r\n\t\t\t                      <p>Saiba exatamente quantas pessoas acessaram e quanto tempo ficaram em seu site atrav\u00e9s de nossos sistemas de estat\u00edsticas.<\/p>\r\n\t                          \t<\/div>\r\n                         \t<\/div>\r\n                          \r\n\t\t\t\t\t\t<\/div>\r\n\t\t\t\t\t<\/div>\r\n                    \r\n                    <div class=\"clear\"><\/div>\r\n                <\/div>\r\n             <div class=\"clear\"><\/div>\r\n    <\/div>","protected":false},"excerpt":{"rendered":"<p>Planos &amp; Pre\u00e7os Escolha o plano certo para voc\u00ea! B\u00c1SICO R$22,00\/m\u00eas 5 GB Espa\u00e7o em Disco (Site + Email) 20 GB Transfer\u00eancia Mensal 2 Sub-Dom\u00ednios Contas de E-mail ILIMITADAS Painel de Controle cPanel Ativa\u00e7\u00e3o em at\u00e9 24 Horas Perfeito para: Pequenas Empresas Assinar AGORA PROFISSIONAL R$39,00\/m\u00eas 10 GB Espa\u00e7o em Disco (Site + Email) 40&#8230;&nbsp;<a href=\"https:\/\/www.oxynet.com.br\/site\/\" class=\"link-more\">READ MORE<\/a><\/p>\n","protected":false},"author":1,"featured_media":0,"parent":0,"menu_order":0,"comment_status":"closed","ping_status":"open","template":"","meta":{"_mi_skip_tracking":false},"_links":{"self":[{"href":"https:\/\/www.oxynet.com.br\/site\/wp-json\/wp\/v2\/pages\/23"}],"collection":[{"href":"https:\/\/www.oxynet.com.br\/site\/wp-json\/wp\/v2\/pages"}],"about":[{"href":"https:\/\/www.oxynet.com.br\/site\/wp-json\/wp\/v2\/types\/page"}],"author":[{"embeddable":true,"href":"https:\/\/www.oxynet.com.br\/site\/wp-json\/wp\/v2\/users\/1"}],"replies":[{"embeddable":true,"href":"https:\/\/www.oxynet.com.br\/site\/wp-json\/wp\/v2\/comments?post=23"}],"version-history":[{"count":195,"href":"https:\/\/www.oxynet.com.br\/site\/wp-json\/wp\/v2\/pages\/23\/revisions"}],"predecessor-version":[{"id":609,"href":"https:\/\/www.oxynet.com.br\/site\/wp-json\/wp\/v2\/pages\/23\/revisions\/609"}],"wp:attachment":[{"href":"https:\/\/www.oxynet.com.br\/site\/wp-json\/wp\/v2\/media?parent=23"}],"curies":[{"name":"wp","href":"https:\/\/api.w.org\/{rel}","templated":true}]}}