{"id":385,"date":"2013-01-07T08:56:49","date_gmt":"2013-01-07T11:56:49","guid":{"rendered":"http:\/\/www.oxynet.com.br\/site\/?page_id=385"},"modified":"2013-12-11T14:31:21","modified_gmt":"2013-12-11T17:31:21","slug":"perguntas-frequentes-f-a-q","status":"publish","type":"page","link":"https:\/\/www.oxynet.com.br\/site\/suporte\/perguntas-frequentes-f-a-q\/","title":{"rendered":"Perguntas Frequentes F.A.Q."},"content":{"rendered":"<p>Atrav\u00e9s de nosso F.A.Q, voc\u00ea poder\u00e1 visualizar as d\u00favidas mais frequentes e suas respectivas respostas, como configurar o Outlook, Acessar o Webmail, etc.<\/p>\n<div class=\"col col_1_2 \">\n<div class=\"inner\"><strong>Faturas<\/strong><br \/>\n<a href=\"http:\/\/www.oxynet.com.br\/site\/suporte\/perguntas-frequentes-f-a-q\/faturas\/\">Visualizar e Emitir Faturas<\/a><\/p>\n<p><strong>Email<\/strong><br \/>\n<a href=\"http:\/\/www.oxynet.com.br\/site\/suporte\/perguntas-frequentes-f-a-q\/limites-de-envio-de-mensagens-smtp\/\">Limites de Envio de Mensagens (SMTP)<\/a><br \/>\n<a href=\"http:\/\/www.oxynet.com.br\/site\/suporte\/perguntas-frequentes-f-a-q\/acessar-via-webmail\/\">Acessar via Webmail<\/a><\/p>\n<p><strong>Outlook Express<\/strong><br \/>\n<a href=\"http:\/\/www.oxynet.com.br\/site\/suporte\/perguntas-frequentes-f-a-q\/configuracao-do-outlook-express-pop3smtp\/\">Configura\u00e7\u00e3o do Outlook Express (POP3\/SMTP)<\/a><br \/>\n<a href=\"http:\/\/www.oxynet.com.br\/site\/suporte\/perguntas-frequentes-f-a-q\/configuracao-do-outlook-express-imapsmtp\/\">Configura\u00e7\u00e3o do Outlook Express (IMAP\/SMTP)<\/a><\/p>\n<p><strong>Microsoft Outlook XP\/2003<\/strong><br \/>\n<a href=\"http:\/\/www.oxynet.com.br\/site\/suporte\/perguntas-frequentes-f-a-q\/configuracao-do-microsoft-outlook-xp2003-pop3smtp\/\">Configura\u00e7\u00e3o do Microsoft Outlook XP\/2003 (POP3\/SMTP)<\/a><br \/>\n<a href=\"http:\/\/www.oxynet.com.br\/site\/suporte\/perguntas-frequentes-f-a-q\/configuracao-do-microsoft-outlook-xp2003-imapsmtp\/\">Configura\u00e7\u00e3o do Microsoft Outlook XP\/2003 (IMAP\/SMTP)<\/a><\/p>\n<p><strong>Microsoft Outlook 2007<\/strong><br \/>\n<a href=\"http:\/\/www.oxynet.com.br\/site\/suporte\/perguntas-frequentes-f-a-q\/configuracao-do-microsoft-outlook-2007-pop3smtp\/\">Configura\u00e7\u00e3o do Microsoft Outlook 2007 (POP3\/SMTP)<\/a><br \/>\n<a href=\"http:\/\/www.oxynet.com.br\/site\/suporte\/perguntas-frequentes-f-a-q\/configuracao-do-microsoft-outlook-2007-imapsmtp\/\">Configura\u00e7\u00e3o do Microsoft Outlook 2007 (IMAP\/SMTP)<\/a><\/p>\n<p><strong>Microsoft Outlook 2010<\/strong><br \/>\n<a href=\"http:\/\/www.oxynet.com.br\/site\/suporte\/perguntas-frequentes-f-a-q\/configuracao-do-microsoft-outlook-2010-pop3smtp\/\">Configura\u00e7\u00e3o do Microsoft Outlook 2010 (POP3\/SMTP)<\/a><br \/>\n<a href=\"http:\/\/www.oxynet.com.br\/site\/suporte\/perguntas-frequentes-f-a-q\/configuracao-do-microsoft-outlook-2010-imapsmtp\/\">Configura\u00e7\u00e3o do Microsoft Outlook 2010 (IMAP\/SMTP)<\/a><\/p>\n<p><strong>Microsoft Outlook 2011 (MAC)<\/strong><br \/>\n<a href=\"http:\/\/www.oxynet.com.br\/site\/suporte\/perguntas-frequentes-f-a-q\/configuracao-do-microsoft-outlook-2011-mac-pop3smtp\/\">Configura\u00e7\u00e3o do Microsoft Outlook 2011 (MAC) (POP3\/SMTP)<\/a><br \/>\n<a href=\"http:\/\/www.oxynet.com.br\/site\/suporte\/perguntas-frequentes-f-a-q\/configuracao-do-microsoft-outlook-2011-mac-imapsmtp\/\">Configura\u00e7\u00e3o do Microsoft Outlook 2011 (MAC) (IMAP\/SMTP)<\/a><\/div>\n<\/div>\n<div class=\"col col_2_2 \">\n<div class=\"inner\"><strong>Antispam Oxynet<\/strong><br \/>\n<a href=\"http:\/\/www.oxynet.com.br\/site\/suporte\/perguntas-frequentes-f-a-q\/antispam-oxynet\/\">Informa\u00e7\u00f5es sobre o Antispam Oxynet<\/a><\/p>\n<p><strong>Windows Mail<\/strong><br \/>\n<a href=\"http:\/\/www.oxynet.com.br\/site\/suporte\/perguntas-frequentes-f-a-q\/configuracao-do-windows-mail-pop3smtp\/\">Configura\u00e7\u00e3o do Windows Mail (POP3\/SMTP)<\/a><br \/>\n<a href=\"http:\/\/www.oxynet.com.br\/site\/suporte\/perguntas-frequentes-f-a-q\/configuracao-do-windows-mail-imapsmtp\/\">Configura\u00e7\u00e3o do Windows Mail (IMAP\/SMTP)<\/a><\/p>\n<p><strong>Windows Live Mail<\/strong><br \/>\n<a href=\"http:\/\/www.oxynet.com.br\/site\/suporte\/perguntas-frequentes-f-a-q\/configuracao-do-windows-live-mail-pop3smtp\/\">Configura\u00e7\u00e3o do Windows Live Mail (POP3\/SMTP)<\/a><br \/>\n<a href=\"http:\/\/www.oxynet.com.br\/site\/suporte\/perguntas-frequentes-f-a-q\/configuracao-do-windows-live-mail-imapsmtp\/\">Configura\u00e7\u00e3o do Windows Live Mail (IMAP\/SMTP)<\/a><\/p>\n<p><strong>Mozilla Thunderbird<\/strong><br \/>\n<a href=\"http:\/\/www.oxynet.com.br\/site\/suporte\/perguntas-frequentes-f-a-q\/configuracao-do-mozilla-thunderbird-pop3smtp\/\">Configura\u00e7\u00e3o do Mozilla Thunderbird (POP3\/SMTP)<\/a><br \/>\n<a href=\"http:\/\/www.oxynet.com.br\/site\/suporte\/perguntas-frequentes-f-a-q\/configuracao-do-mozilla-thunderbird-imapsmtp\/\">Configura\u00e7\u00e3o do Mozilla Thunderbird (IMAP\/SMTP)<\/a><\/p>\n<p><strong>Apple Mail (MAC)<\/strong><br \/>\n<a href=\"http:\/\/www.oxynet.com.br\/site\/suporte\/perguntas-frequentes-f-a-q\/configuracao-do-apple-mail-pop3smtp\/\">Configura\u00e7\u00e3o do Apple Mail (POP3\/SMTP)<\/a><br \/>\n<a href=\"http:\/\/www.oxynet.com.br\/site\/suporte\/perguntas-frequentes-f-a-q\/configuracao-do-apple-mail-imapsmtp\/\">Configura\u00e7\u00e3o do Apple Mail (IMAP\/SMTP)<\/a><\/p>\n<p><strong>Entourage (MAC)<\/strong><br \/>\n<a href=\"http:\/\/www.oxynet.com.br\/site\/suporte\/perguntas-frequentes-f-a-q\/configuracao-do-entourage-pop3smtp\/\">Configura\u00e7\u00e3o do Entourage (POP3\/SMTP)<\/a><br \/>\n<a href=\"http:\/\/www.oxynet.com.br\/site\/suporte\/perguntas-frequentes-f-a-q\/configuracao-do-entourage-imapsmtp\/\">Configura\u00e7\u00e3o do Entourage (IMAP\/SMTP)<\/a><\/p>\n<p><strong>IncrediMail Xe<\/strong><br \/>\n<a href=\"http:\/\/www.oxynet.com.br\/site\/suporte\/perguntas-frequentes-f-a-q\/configuracao-do-incredimail-xe-pop3smtp\/\">Configura\u00e7\u00e3o do IncrediMail Xe (POP3\/SMTP)<\/a><br \/>\n<a href=\"http:\/\/www.oxynet.com.br\/site\/suporte\/perguntas-frequentes-f-a-q\/configuracao-do-incredimail-xe-imapsmtp\/\">Configura\u00e7\u00e3o do IncrediMail Xe (IMAP\/SMTP)<\/a><\/div>\n<\/div>\n","protected":false},"excerpt":{"rendered":"<p>Atrav\u00e9s de nosso F.A.Q, voc\u00ea poder\u00e1 visualizar as d\u00favidas mais frequentes e suas respectivas respostas, como configurar o Outlook, Acessar o Webmail, etc.<\/p>\n","protected":false},"author":1,"featured_media":0,"parent":65,"menu_order":0,"comment_status":"closed","ping_status":"closed","template":"","meta":{"_mi_skip_tracking":false},"_links":{"self":[{"href":"https:\/\/www.oxynet.com.br\/site\/wp-json\/wp\/v2\/pages\/385"}],"collection":[{"href":"https:\/\/www.oxynet.com.br\/site\/wp-json\/wp\/v2\/pages"}],"about":[{"href":"https:\/\/www.oxynet.com.br\/site\/wp-json\/wp\/v2\/types\/page"}],"author":[{"embeddable":true,"href":"https:\/\/www.oxynet.com.br\/site\/wp-json\/wp\/v2\/users\/1"}],"replies":[{"embeddable":true,"href":"https:\/\/www.oxynet.com.br\/site\/wp-json\/wp\/v2\/comments?post=385"}],"version-history":[{"count":36,"href":"https:\/\/www.oxynet.com.br\/site\/wp-json\/wp\/v2\/pages\/385\/revisions"}],"predecessor-version":[{"id":656,"href":"https:\/\/www.oxynet.com.br\/site\/wp-json\/wp\/v2\/pages\/385\/revisions\/656"}],"up":[{"embeddable":true,"href":"https:\/\/www.oxynet.com.br\/site\/wp-json\/wp\/v2\/pages\/65"}],"wp:attachment":[{"href":"https:\/\/www.oxynet.com.br\/site\/wp-json\/wp\/v2\/media?parent=385"}],"curies":[{"name":"wp","href":"https:\/\/api.w.org\/{rel}","templated":true}]}}