{"id":499,"date":"2013-01-07T12:49:24","date_gmt":"2013-01-07T15:49:24","guid":{"rendered":"http:\/\/www.oxynet.com.br\/site\/?page_id=499"},"modified":"2013-06-10T14:14:57","modified_gmt":"2013-06-10T17:14:57","slug":"configuracao-do-outlook-express-pop3smtp","status":"publish","type":"page","link":"https:\/\/www.oxynet.com.br\/site\/suporte\/perguntas-frequentes-f-a-q\/configuracao-do-outlook-express-pop3smtp\/","title":{"rendered":"Configura\u00e7\u00e3o do Outlook Express (POP3\/SMTP)"},"content":{"rendered":"<div class=\"sb \">\n<div class=\"box_title\">Informa\u00e7\u00e3o<\/div>\n<div class=\"box_content\">Sempre que for solicitado o endere\u00e7o de e-mail (ou, em alguns casos, o login da conta) na configura\u00e7\u00e3o de programas de e-mail, utilize o endere\u00e7o completo (Exemplo: nome@seudominio.com.br). <\/p>\n<div class=\"clear\"><\/div>\n<\/p><\/div>\n<\/p><\/div>\n<p>Abra o Outlook Express, clique na op\u00e7\u00e3o Ferramentas e depois em Contas.<\/p>\n<p><img decoding=\"async\" src=\"http:\/\/www.oxynet.com.br\/site\/faq\/outlook_express\/outlook_express1.gif\" alt=\"\" \/><\/p>\n<p>Instru\u00e7\u00f5es Na tela Contas na Internet, clique na guia Email, depois no bot\u00e3o Adicionar e novamente em Email.<\/p>\n<p><img decoding=\"async\" src=\"http:\/\/www.oxynet.com.br\/site\/faq\/outlook_express\/outlook_express2.gif\" alt=\"\" \/><\/p>\n<p>Instru\u00e7\u00f5es No campo Nome de exibi\u00e7\u00e3o digite o nome que voc\u00ea deseja que apare\u00e7a quando for enviar uma mensagem.<\/p>\n<p>Instru\u00e7\u00f5es Depois clique em Avan\u00e7ar.<\/p>\n<p><img decoding=\"async\" src=\"http:\/\/www.oxynet.com.br\/site\/faq\/outlook_express\/outlook_express3.gif\" alt=\"\" \/><\/p>\n<p>Instru\u00e7\u00f5es No campo Endere\u00e7o de email digite o e-mail completo<\/p>\n<p>Instru\u00e7\u00f5es Depois clique em Avan\u00e7ar.<\/p>\n<p><img decoding=\"async\" src=\"http:\/\/www.oxynet.com.br\/site\/faq\/outlook_express\/outlook_express4.gif\" alt=\"\" \/><\/p>\n<p>Instru\u00e7\u00f5es No campo Servidor de entrada de emails digite pop.seudominio.com.br e no campo Servidor de sa\u00edda de emails (SMTP) digite smtp.seudominio.com.br<\/p>\n<p>Instru\u00e7\u00f5es Depois clique em Avan\u00e7ar<\/p>\n<p><img decoding=\"async\" src=\"http:\/\/www.oxynet.com.br\/site\/faq\/outlook_express\/outlook_express5.gif\" alt=\"\" \/><\/p>\n<p>Instru\u00e7\u00f5es No campo Nome da conta digite o e-mail completo e no campo Senha digite a senha do e-mail<\/p>\n<p>Instru\u00e7\u00f5es Depois clique em Avan\u00e7ar.<\/p>\n<p><img decoding=\"async\" src=\"http:\/\/www.oxynet.com.br\/site\/faq\/outlook_express\/outlook_express6.gif\" alt=\"\" \/><\/p>\n<p>Instru\u00e7\u00f5es Clique no bot\u00e3o Concluir para retornar \u00e0 tela de Contas na Internet.<\/p>\n<p><img decoding=\"async\" src=\"http:\/\/www.oxynet.com.br\/site\/faq\/outlook_express\/outlook_express7.gif\" alt=\"\" \/><\/p>\n<p>Instru\u00e7\u00f5es Aparecer\u00e1 a conta que acabamos de configurar. Clique sobre ela e em seguida no bot\u00e3o ao lado Propriedades.<\/p>\n<p><img decoding=\"async\" src=\"http:\/\/www.oxynet.com.br\/site\/faq\/outlook_express\/outlook_express8.gif\" alt=\"\" \/><\/p>\n<p>Instru\u00e7\u00f5es Selecione a guia Servidores e marque a \u00faltima op\u00e7\u00e3o que pode ser Meu servidor requer autentica\u00e7\u00e3o ou Servidor de mensagens recebidas do tipo (para o Outlook Express 5.0). Em seguida clique no bot\u00e3o ao lado Configura\u00e7\u00f5es.<\/p>\n<p><img decoding=\"async\" src=\"http:\/\/www.oxynet.com.br\/site\/faq\/outlook_express\/outlook_express9.gif\" alt=\"\" \/><\/p>\n<p>Instru\u00e7\u00f5es Marque a op\u00e7\u00e3o Usar as mesmas configura\u00e7\u00f5es do servidor de entrada de emails. Clique no bot\u00e3o OK, novamente em OK e Fechar.<\/p>\n<p><img decoding=\"async\" src=\"http:\/\/www.oxynet.com.br\/site\/faq\/outlook_express\/outlook_express10.gif\" alt=\"\" \/><\/p>\n<p>Instru\u00e7\u00f5es Clique novamente na op\u00e7\u00e3o Ferramentas e depois em Contas.<\/p>\n<p><img decoding=\"async\" src=\"http:\/\/www.oxynet.com.br\/site\/faq\/outlook_express\/outlook_express1.gif\" alt=\"\" \/><\/p>\n<p>Instru\u00e7\u00f5es Na tela Contas na Internet, clique na guia E-mail, selecione a conta desejada e depois clique em Propriedades.<\/p>\n<p><img decoding=\"async\" src=\"http:\/\/www.oxynet.com.br\/site\/faq\/outlook_express\/outlook_express12.jpg\" alt=\"\" \/><\/p>\n<p>Instru\u00e7\u00f5es Selecione a guia Avan\u00e7ado e em Emails de sa\u00edda (SMTP) altere a porta para 587. Clique em OK e depois em Fechar.<\/p>\n<p><img decoding=\"async\" src=\"http:\/\/www.oxynet.com.br\/site\/faq\/outlook_express\/outlook_express13.jpg\" alt=\"\" \/><\/p>\n","protected":false},"excerpt":{"rendered":"<p>Abra o Outlook Express, clique na op\u00e7\u00e3o Ferramentas e depois em Contas. Instru\u00e7\u00f5es Na tela Contas na Internet, clique na guia Email, depois no bot\u00e3o Adicionar e novamente em Email. Instru\u00e7\u00f5es No campo Nome de exibi\u00e7\u00e3o digite o nome que voc\u00ea deseja que apare\u00e7a quando for enviar uma mensagem. Instru\u00e7\u00f5es Depois clique em Avan\u00e7ar. Instru\u00e7\u00f5es&#8230;&nbsp;<a href=\"https:\/\/www.oxynet.com.br\/site\/suporte\/perguntas-frequentes-f-a-q\/configuracao-do-outlook-express-pop3smtp\/\" class=\"link-more\">READ MORE<\/a><\/p>\n","protected":false},"author":1,"featured_media":0,"parent":385,"menu_order":0,"comment_status":"closed","ping_status":"open","template":"","meta":{"_mi_skip_tracking":false},"_links":{"self":[{"href":"https:\/\/www.oxynet.com.br\/site\/wp-json\/wp\/v2\/pages\/499"}],"collection":[{"href":"https:\/\/www.oxynet.com.br\/site\/wp-json\/wp\/v2\/pages"}],"about":[{"href":"https:\/\/www.oxynet.com.br\/site\/wp-json\/wp\/v2\/types\/page"}],"author":[{"embeddable":true,"href":"https:\/\/www.oxynet.com.br\/site\/wp-json\/wp\/v2\/users\/1"}],"replies":[{"embeddable":true,"href":"https:\/\/www.oxynet.com.br\/site\/wp-json\/wp\/v2\/comments?post=499"}],"version-history":[{"count":2,"href":"https:\/\/www.oxynet.com.br\/site\/wp-json\/wp\/v2\/pages\/499\/revisions"}],"predecessor-version":[{"id":635,"href":"https:\/\/www.oxynet.com.br\/site\/wp-json\/wp\/v2\/pages\/499\/revisions\/635"}],"up":[{"embeddable":true,"href":"https:\/\/www.oxynet.com.br\/site\/wp-json\/wp\/v2\/pages\/385"}],"wp:attachment":[{"href":"https:\/\/www.oxynet.com.br\/site\/wp-json\/wp\/v2\/media?parent=499"}],"curies":[{"name":"wp","href":"https:\/\/api.w.org\/{rel}","templated":true}]}}