{"id":560,"date":"2013-01-08T09:47:58","date_gmt":"2013-01-08T12:47:58","guid":{"rendered":"http:\/\/www.oxynet.com.br\/site\/?page_id=560"},"modified":"2013-06-10T14:14:57","modified_gmt":"2013-06-10T17:14:57","slug":"faturas","status":"publish","type":"page","link":"https:\/\/www.oxynet.com.br\/site\/suporte\/perguntas-frequentes-f-a-q\/faturas\/","title":{"rendered":"Faturas"},"content":{"rendered":"<p>Quando a Central do Assinante gera uma fatura, ser\u00e1 enviado uma mensagem para sua conta de email, ao receber tal mensagem, verifique a proced\u00eancia da mesma, caso seja da Oxynet, clique no link da Central do Assinante para acessar sua conta.<\/p>\n<p><img decoding=\"async\" src=\"http:\/\/www.oxynet.com.br\/site\/wp-content\/uploads\/2013\/01\/faturas_passo1.png\"\/> <\/p>\n<p>Dentro da Central do Assinante, voc\u00ea ter\u00e1 acesso a todas as faturas existentes, j\u00e1 pagas ou em aberto, para efetuar o pagamento clique no link Ver Faturas.<\/p>\n<p><img decoding=\"async\" src=\"http:\/\/www.oxynet.com.br\/site\/wp-content\/uploads\/2013\/01\/faturas_passo2.png\"\/><\/p>\n<p>Nesta p\u00e1gina, voc\u00ea poder\u00e1 selecionar as formas de pagamentos existentes, Boleto Banc\u00e1rio ou D\u00e9bito Online, lembrando que o boleto pode demorar at\u00e9 48 horas \u00fateis para compensa\u00e7\u00e3o e o d\u00e9bito online \u00e9 normalmente instant\u00e2neo. Ap\u00f3s selecionar a forma de pagamento, confira o valor da fatura a ser paga e clique no link Pagar. <\/p>\n<p><img decoding=\"async\" src=\"http:\/\/www.oxynet.com.br\/site\/wp-content\/uploads\/2013\/01\/faturas_passo3.png\"\/><\/p>\n<p>Antes de gerar o boleto, as vezes, pode ser solicitado alguns dados como CEP e Telefone.<\/p>\n<p><img decoding=\"async\" src=\"http:\/\/www.oxynet.com.br\/site\/wp-content\/uploads\/2013\/01\/faturas_passo4.png\"\/><\/p>\n<p>Caso prefira pagar via d\u00e9bito online, basta seleciona-lo, ap\u00f3s isso selecionar a bandeira do seu banco e clicar em Pagar, voc\u00ea ser\u00e1 transferido ao site do banco, aonde \u00e9 um ambiente seguro e preencher\u00e1 os dados de sua conta corrente.  <\/p>\n<p><img decoding=\"async\" src=\"http:\/\/www.oxynet.com.br\/site\/wp-content\/uploads\/2013\/01\/faturas_passo5.png\"\/><\/p>\n<p>Pronto, ap\u00f3s isso basta aguardar o recebimento do email de confirma\u00e7\u00e3o de pagamento.<\/p>\n","protected":false},"excerpt":{"rendered":"<p>Quando a Central do Assinante gera uma fatura, ser\u00e1 enviado uma mensagem para sua conta de email, ao receber tal mensagem, verifique a proced\u00eancia da mesma, caso seja da Oxynet, clique no link da Central do Assinante para acessar sua conta. Dentro da Central do Assinante, voc\u00ea ter\u00e1 acesso a todas as faturas existentes, j\u00e1&#8230;&nbsp;<a href=\"https:\/\/www.oxynet.com.br\/site\/suporte\/perguntas-frequentes-f-a-q\/faturas\/\" class=\"link-more\">READ MORE<\/a><\/p>\n","protected":false},"author":1,"featured_media":0,"parent":385,"menu_order":0,"comment_status":"closed","ping_status":"closed","template":"","meta":{"_mi_skip_tracking":false},"_links":{"self":[{"href":"https:\/\/www.oxynet.com.br\/site\/wp-json\/wp\/v2\/pages\/560"}],"collection":[{"href":"https:\/\/www.oxynet.com.br\/site\/wp-json\/wp\/v2\/pages"}],"about":[{"href":"https:\/\/www.oxynet.com.br\/site\/wp-json\/wp\/v2\/types\/page"}],"author":[{"embeddable":true,"href":"https:\/\/www.oxynet.com.br\/site\/wp-json\/wp\/v2\/users\/1"}],"replies":[{"embeddable":true,"href":"https:\/\/www.oxynet.com.br\/site\/wp-json\/wp\/v2\/comments?post=560"}],"version-history":[{"count":10,"href":"https:\/\/www.oxynet.com.br\/site\/wp-json\/wp\/v2\/pages\/560\/revisions"}],"predecessor-version":[{"id":640,"href":"https:\/\/www.oxynet.com.br\/site\/wp-json\/wp\/v2\/pages\/560\/revisions\/640"}],"up":[{"embeddable":true,"href":"https:\/\/www.oxynet.com.br\/site\/wp-json\/wp\/v2\/pages\/385"}],"wp:attachment":[{"href":"https:\/\/www.oxynet.com.br\/site\/wp-json\/wp\/v2\/media?parent=560"}],"curies":[{"name":"wp","href":"https:\/\/api.w.org\/{rel}","templated":true}]}}