{"id":647,"date":"2013-12-11T14:11:59","date_gmt":"2013-12-11T17:11:59","guid":{"rendered":"http:\/\/www.oxynet.com.br\/site\/?page_id=647"},"modified":"2013-12-12T09:34:15","modified_gmt":"2013-12-12T12:34:15","slug":"antispam-oxynet","status":"publish","type":"page","link":"https:\/\/www.oxynet.com.br\/site\/suporte\/perguntas-frequentes-f-a-q\/antispam-oxynet\/","title":{"rendered":"AntiSpam Oxynet"},"content":{"rendered":"<p>Caro usu\u00e1rio(a),<\/p>\n<p>Abaixo seguem informa\u00e7\u00f5es sobre o relat\u00f3rio enviado pelo novo sistema anti spam implantado pela Oxynet com o objetivo de reduzir o volume de mensagens indesejadas recebidas.<\/p>\n<p>Em certas situa\u00e7\u00f5es o seu contato pode ser um remetente v\u00e1lido, mas estar utilizando para envio um servidor listado como SPAMMER ou com problemas de configura\u00e7\u00e3o; nestes casos sua mensagem tamb\u00e9m ser\u00e1 barrada.<\/p>\n<p>Para que o usu\u00e1rio possa ter um controle das mensagens processadas pelo anti spam o sistema ir\u00e1 enviar para sua conta um relat\u00f3rio de monitoramento di\u00e1rio conforme modelo abaixo:<\/p>\n<p><img decoding=\"async\" loading=\"lazy\" class=\"aligncenter size-full wp-image-679\" alt=\"aviso-antispam\" src=\"http:\/\/www.oxynet.com.br\/site\/wp-content\/uploads\/2013\/12\/aviso-antispam.png\" width=\"700\" height=\"631\" srcset=\"\/\/www.oxynet.com.br\/site\/wp-content\/uploads\/2013\/12\/aviso-antispam.png 700w, \/\/www.oxynet.com.br\/site\/wp-content\/uploads\/2013\/12\/aviso-antispam-300x270.png 300w\" sizes=\"(max-width: 700px) 100vw, 700px\" \/><\/p>\n<p>As mensagens ficar\u00e3o retidas no filtro por 15 dias, per\u00edodo no qual o usu\u00e1rio poder\u00e1 estar visualizando o conte\u00fado da mensagem retida, marcando o remetente como v\u00e1lido, e realizando a recupera\u00e7\u00e3o da mensagem.<\/p>\n<p>Todas as mensagens de remetentes externos que n\u00e3o forem identificadas pelo sistema como SPAM ser\u00e3o entregues normalmente em sua caixa postal, mas ter\u00e3o inclu\u00eddas em seu rodap\u00e9 um aviso de que a mesma foi processada pelo sistema anti spam com links onde o usu\u00e1rio poder\u00e1 executar as a\u00e7\u00f5es de marcar a mensagem como SPAM ou como CONFI\u00c1VEL.<\/p>\n<p>Mensagem de rodap\u00e9 dos e-mails recebidos com Score abaixo de 100, avaliadas como CONFI\u00c1VEIS:<\/p>\n<p><img decoding=\"async\" loading=\"lazy\" class=\"aligncenter size-full wp-image-671\" alt=\"aviso-email\" src=\"http:\/\/www.oxynet.com.br\/site\/wp-content\/uploads\/2013\/12\/aviso-email.png\" width=\"800\" height=\"112\" srcset=\"\/\/www.oxynet.com.br\/site\/wp-content\/uploads\/2013\/12\/aviso-email.png 800w, \/\/www.oxynet.com.br\/site\/wp-content\/uploads\/2013\/12\/aviso-email-300x42.png 300w\" sizes=\"(max-width: 800px) 100vw, 800px\" \/><\/p>\n<p>Mensagem de rodap\u00e9 dos e-mails recebidos com Score entre 101 e 150, marcadas como \u201d[possible spam]\u201d, quando o sistema aceita a mensagem, mas avisa que pode ser um spam:<\/p>\n<p><img decoding=\"async\" loading=\"lazy\" class=\"aligncenter size-full wp-image-672\" alt=\"aviso-email2\" src=\"http:\/\/www.oxynet.com.br\/site\/wp-content\/uploads\/2013\/12\/aviso-email2.png\" width=\"800\" height=\"112\" srcset=\"\/\/www.oxynet.com.br\/site\/wp-content\/uploads\/2013\/12\/aviso-email2.png 800w, \/\/www.oxynet.com.br\/site\/wp-content\/uploads\/2013\/12\/aviso-email2-300x42.png 300w\" sizes=\"(max-width: 800px) 100vw, 800px\" \/><\/p>\n","protected":false},"excerpt":{"rendered":"<p>Caro usu\u00e1rio(a), Abaixo seguem informa\u00e7\u00f5es sobre o relat\u00f3rio enviado pelo novo sistema anti spam implantado pela Oxynet com o objetivo de reduzir o volume de mensagens indesejadas recebidas. Em certas situa\u00e7\u00f5es o seu contato pode ser um remetente v\u00e1lido, mas estar utilizando para envio um servidor listado como SPAMMER ou com problemas de configura\u00e7\u00e3o; nestes&#8230;&nbsp;<a href=\"https:\/\/www.oxynet.com.br\/site\/suporte\/perguntas-frequentes-f-a-q\/antispam-oxynet\/\" class=\"link-more\">READ MORE<\/a><\/p>\n","protected":false},"author":1,"featured_media":0,"parent":385,"menu_order":0,"comment_status":"closed","ping_status":"open","template":"","meta":{"_mi_skip_tracking":false},"_links":{"self":[{"href":"https:\/\/www.oxynet.com.br\/site\/wp-json\/wp\/v2\/pages\/647"}],"collection":[{"href":"https:\/\/www.oxynet.com.br\/site\/wp-json\/wp\/v2\/pages"}],"about":[{"href":"https:\/\/www.oxynet.com.br\/site\/wp-json\/wp\/v2\/types\/page"}],"author":[{"embeddable":true,"href":"https:\/\/www.oxynet.com.br\/site\/wp-json\/wp\/v2\/users\/1"}],"replies":[{"embeddable":true,"href":"https:\/\/www.oxynet.com.br\/site\/wp-json\/wp\/v2\/comments?post=647"}],"version-history":[{"count":13,"href":"https:\/\/www.oxynet.com.br\/site\/wp-json\/wp\/v2\/pages\/647\/revisions"}],"predecessor-version":[{"id":681,"href":"https:\/\/www.oxynet.com.br\/site\/wp-json\/wp\/v2\/pages\/647\/revisions\/681"}],"up":[{"embeddable":true,"href":"https:\/\/www.oxynet.com.br\/site\/wp-json\/wp\/v2\/pages\/385"}],"wp:attachment":[{"href":"https:\/\/www.oxynet.com.br\/site\/wp-json\/wp\/v2\/media?parent=647"}],"curies":[{"name":"wp","href":"https:\/\/api.w.org\/{rel}","templated":true}]}}