{"id":65,"date":"2012-09-13T14:15:45","date_gmt":"2012-09-13T17:15:45","guid":{"rendered":"http:\/\/www.oxynet.com.br\/site\/?page_id=65"},"modified":"2013-06-10T14:14:57","modified_gmt":"2013-06-10T17:14:57","slug":"suporte","status":"publish","type":"page","link":"https:\/\/www.oxynet.com.br\/site\/suporte\/","title":{"rendered":"Suporte"},"content":{"rendered":"<div class=\"row\">\n<p>A <strong>Oxynet<\/strong> lhe aux\u00edlia a resolver e esclarecer todas suas d\u00favidas ou problemas atrav\u00e9s da nossa Central de Suporte, voc\u00ea poder\u00e1 falar conosco atrav\u00e9s do Atendimento Online e Suporte via Ticket, al\u00e9m do atendimento via Telefone.<\/p>\r\n<\/div>\r\n<div class=\"divider_space_thin\"><\/div>\r\n<div class=\"row\">\r\n<div class=\"col col_1_3 \"><div class=\"inner\"><div class=\"text-block-2\"><a href=\"#\"><img decoding=\"async\" src=\"..\/wp-content\/themes\/oxynet\/images\/features2_6.png\" alt=\"\" class=\"aligncenter\"><\/a>\r\n                                <div class=\"title_small\">\r\n                                    <h2>Atendimento Online<\/h2>\r\n                                    <p class=\"subtitle\">Caminho mais r\u00e1pido para ajuda-lo<\/p>\r\n                                <\/div>\r\n                                <p>Atrav\u00e9s do Atendimento Online, nossa equipe de Suporte ir\u00e1 ajuda-lo a resolver suas d\u00favidas ou problemas, caso n\u00e3o seja poss\u00edvel ser\u00e1 necess\u00e1rio abrir um Ticket.<\/p>\r\n                                <br><p class=\"text-center\"><a href=\"#\" class=\"button_link \"  target=\"_self\"><span>ENTRAR<\/span><\/a><\/p><\/div> <\/div><\/div>\r\n<div class=\"col col_1_3 \"><div class=\"inner\"><div class=\"text-block-2\">     \r\n                                <a href=\"http:\/\/www.oxynet.com.br\/central\/submitticket.php?step=2&deptid=1\"><img decoding=\"async\" src=\"..\/wp-content\/themes\/oxynet\/images\/features2_7.png\" alt=\"\" class=\"aligncenter\"><\/a>                       \r\n                                <div class=\"title_small\">\r\n                                    <h2>Suporte via Ticket<\/h2>\r\n                                    <p class=\"subtitle\">Atendimento em at\u00e9 24h \u00dateis<\/p>\r\n                                <\/div>\r\n                                <p>Caso n\u00e3o consiga resolver suas d\u00favidas ou problemas atrav\u00e9s do Atentimento Online ou FAQ, favor utilizar o Suporte via Ticket, nossa equipe responder\u00e1 em at\u00e9 24h \u00fateis.<\/p>           \r\n                                <br>\r\n                                <p class=\"text-center\"><a href=\"http:\/\/www.oxynet.com.br\/central\/submitticket.php?step=2&deptid=1\" class=\"button_link \"  target=\"_blank\"><span>ENVIAR TICKET<\/span><\/a><\/p>\r\n                                 \r\n                            <\/div><\/div><\/div>\r\n<div class=\"col col_1_3 \"><div class=\"inner\"><div class=\"text-block-2\">\r\n                                <a href=\"http:\/\/www.oxynet.com.br\/site\/perguntas-frequentes-f-a-q\/\"><img decoding=\"async\" src=\"..\/wp-content\/themes\/oxynet\/images\/features2_8.png\" alt=\"\" class=\"aligncenter\"><\/a>\r\n                                <div class=\"title_small\">\r\n                                    <h2>Perguntas Frequentes F.A.Q.<\/h2>\r\n                                    <p class=\"subtitle\">D\u00favidas mais Frequentes<\/p>\r\n                                <\/div>\r\n                                <p>Atrav\u00e9s de nosso F.A.Q, voc\u00ea poder\u00e1 visualizar as d\u00favidas mais frequentes e suas respectivas respostas, como configurar o Outlook, Acessar o Webmail, etc.<\/p>\r\n                                <br>\r\n                                <p class=\"text-center\"><a href=\"http:\/\/www.oxynet.com.br\/site\/perguntas-frequentes-f-a-q\/\" class=\"button_link \"  target=\"_self\"><span>PESQUISAR F.A.Q.<\/span><\/a><\/p>\r\n                            <\/div><\/div><\/div>\r\n<\/div>\n<div class=\"divider_space_thin\"><\/div>\n","protected":false},"excerpt":{"rendered":"","protected":false},"author":1,"featured_media":0,"parent":0,"menu_order":0,"comment_status":"closed","ping_status":"open","template":"","meta":{"_mi_skip_tracking":false},"_links":{"self":[{"href":"https:\/\/www.oxynet.com.br\/site\/wp-json\/wp\/v2\/pages\/65"}],"collection":[{"href":"https:\/\/www.oxynet.com.br\/site\/wp-json\/wp\/v2\/pages"}],"about":[{"href":"https:\/\/www.oxynet.com.br\/site\/wp-json\/wp\/v2\/types\/page"}],"author":[{"embeddable":true,"href":"https:\/\/www.oxynet.com.br\/site\/wp-json\/wp\/v2\/users\/1"}],"replies":[{"embeddable":true,"href":"https:\/\/www.oxynet.com.br\/site\/wp-json\/wp\/v2\/comments?post=65"}],"version-history":[{"count":34,"href":"https:\/\/www.oxynet.com.br\/site\/wp-json\/wp\/v2\/pages\/65\/revisions"}],"predecessor-version":[{"id":629,"href":"https:\/\/www.oxynet.com.br\/site\/wp-json\/wp\/v2\/pages\/65\/revisions\/629"}],"wp:attachment":[{"href":"https:\/\/www.oxynet.com.br\/site\/wp-json\/wp\/v2\/media?parent=65"}],"curies":[{"name":"wp","href":"https:\/\/api.w.org\/{rel}","templated":true}]}}