{"id":78,"date":"2012-09-13T14:26:40","date_gmt":"2012-09-13T17:26:40","guid":{"rendered":"http:\/\/www.oxynet.com.br\/site\/?page_id=78"},"modified":"2013-06-10T14:14:25","modified_gmt":"2013-06-10T17:14:25","slug":"planos-precos","status":"publish","type":"page","link":"https:\/\/www.oxynet.com.br\/site\/planos-precos\/","title":{"rendered":"Planos &#038; Pre\u00e7os"},"content":{"rendered":"<div class=\"title_big\"><\/div>\n<div class=\"pricing_box\">\n<ul>\n<li class=\"price_col\">\n<div class=\"price_item\">\n<div class=\"price_col_head head_green_dark\"><strong>B\u00c1SICO<\/strong><br \/>\n<span class=\"price\"><em>R$<\/em>22<sup>,00<\/sup><em>\/m\u00eas<\/em><\/span><\/div>\n<div class=\"price_col_body\">\n<ul>\n<li><strong>5 GB<\/strong> Espa\u00e7o em Disco (Site + Email)<\/li>\n<li><strong>20 GB<\/strong> Transfer\u00eancia Mensal<\/li>\n<li><strong>2<\/strong> Sub-Dom\u00ednios<\/li>\n<li>Contas de E-mail <strong>ILIMITADAS<\/strong><\/li>\n<li>Painel de Controle <strong>cPanel<\/strong><\/li>\n<li>Ativa\u00e7\u00e3o em at\u00e9 <strong>24 Horas<\/strong><\/li>\n<\/ul>\n<div class=\"price_body_bot\">Perfeito para: <strong>Pequenas Empresas<\/strong><\/div>\n<\/div>\n<div class=\"price_col_foot\">\n<div class=\"sign_up\"><a href=\"http:\/\/www.oxynet.com.br\/central\/cart.php?a=add&#038;pid=2&#038;carttpl=cart\">Assinar <strong>AGORA<\/strong><\/a><\/div>\n<div class=\"sprite_images pricing_footer\"><\/div>\n<\/div>\n<\/div>\n<\/li>\n<li class=\"price_col\">\n<div class=\"price_item\">\n<div class=\"price_col_head head_red\"><strong>PROFISSIONAL<\/strong><br \/>\n<span class=\"price\"><em>R$<\/em>39<sup>,00<\/sup><em>\/m\u00eas<\/em><\/span><\/div>\n<div class=\"price_col_body\">\n<ul>\n<li><strong>10 GB<\/strong> Espa\u00e7o em Disco (Site + Email)<\/li>\n<li><strong>40 GB<\/strong> Transfer\u00eancia Mensal<\/li>\n<li><strong>5<\/strong> Sub-Dom\u00ednios<\/li>\n<li>Contas de E-mail <strong>ILIMITADAS<\/strong><\/li>\n<li>Painel de Controle <strong>cPanel<\/strong><\/li>\n<li>Ativa\u00e7\u00e3o em at\u00e9 <strong>24 Horas<\/strong><\/li>\n<\/ul>\n<div class=\"price_body_bot\">Perfeito para: <strong>Grandes Empresas<\/strong><\/div>\n<\/div>\n<div class=\"price_col_foot\">\n<div class=\"sign_up\"><a href=\"http:\/\/www.oxynet.com.br\/central\/cart.php?a=add&#038;pid=3&#038;carttpl=cart\">Assinar <strong>AGORA<\/strong><\/a><\/div>\n<div class=\"sprite_images pricing_footer\"><\/div>\n<\/div>\n<\/div>\n<\/li>\n<li class=\"price_col\">\n<div class=\"price_item\">\n<div class=\"price_col_head head_red_dark\"><strong>EMPRESARIAL<\/strong><br \/>\n<span class=\"price\"><em>R$<\/em>54<sup>,00<\/sup><em>\/m\u00eas<\/em><\/span><\/div>\n<div class=\"price_col_body\">\n<ul>\n<li><strong>20 GB<\/strong> Espa\u00e7o em Disco (Site + Email)<\/li>\n<li><strong>80 GB<\/strong> Transfer\u00eancia Mensal<\/li>\n<li><strong>10<\/strong> Sub-Dom\u00ednios<\/li>\n<li>Contas de E-mail <strong>ILIMITADAS<\/strong><\/li>\n<li>Painel de Controle <strong>cPanel<\/strong><\/li>\n<li>Ativa\u00e7\u00e3o em at\u00e9 <strong>24 Horas<\/strong><\/li>\n<\/ul>\n<div class=\"price_body_bot\">Perfeito para: <strong>Loja Virtual<\/strong><\/div>\n<\/div>\n<div class=\"price_col_foot\">\n<div class=\"sign_up\"><a href=\"http:\/\/www.oxynet.com.br\/central\/cart.php?a=add&#038;pid=4&#038;carttpl=cart\">Assinar <strong>AGORA<\/strong><\/a><\/div>\n<div class=\"sprite_images pricing_footer\"><\/div>\n<\/div>\n<\/div>\n<\/li>\n<\/ul>\n<\/div>\n<p><!--\/ pricing table --><\/p>\n<p class=\"text-center\">Porque escolher a <strong>Oxynet<\/strong>? Porque possu\u00edmos solu\u00e7\u00f5es ideais para todo e qualquer tipo de aplica\u00e7\u00e3o, suporte t\u00e9cnico personalizado e especializado, servidores localizado no Brasil. Veja abaixo tamb\u00e9m oque nossos Clientes falam de n\u00f3s!<\/p>\n<div align=\"center\">\n<div id=\"testimonials88\" class=\"slideshow slideQuotes\">\n<div class=\"slides_container\">\n<div class=\"slide\">\n<div class=\"quote-text\">\n                    Gostaria de parabeniz\u00e1-lo pelo excelente atendimento, que sempre se demonstrou pronto a atender todas as necessidades ao bom funcionamento do site! Mantendo-me em contato, em cada etapa que resolvia os problemas que foram aparecendo durante a migra\u00e7\u00e3o! Inicialmente confesso que fiquei com receio, mas hoje ap\u00f3s ver tudo funcionando, percebi que voc\u00eas possuem uma equipe 100% ativa. Parab\u00e9ns, continuem assim, agora posso dizer que estou 100% satisfeito e tranquilo com o atendimento e suporte.\n                    <\/div>\n<div class=\"quote-author\">\n                        <span>Wagner Pajewski<\/span><\/p><\/div>\n<\/p><\/div>\n<div class=\"slide\">\n<div class=\"quote-text\">\n                    Venho simplesmente para agradecer a aten\u00e7\u00e3o e disposi\u00e7\u00e3o que recebo, quando necessito de orienta\u00e7\u00e3o t\u00e9cnica. Sou cliente desta empresa a mais de 1 ano e sempre fui bem atendido e esclarecido o meu problema. Acredito que qualquer empresa que deseja crescer, tem que seguir o exemplo de voc\u00eas. Porque sem clientes n\u00e3o h\u00e1 neg\u00f3cio! E voc\u00eas est\u00e3o no caminho certo para se manter no mercado por muitos anos&#8230;\n                    <\/div>\n<div class=\"quote-author\">\n                        <span>Guilherme Carvalho<\/span><\/p><\/div>\n<\/p><\/div>\n<div class=\"slide\">\n<div class=\"quote-text\">\n                    Ol\u00e1 amigos da Oxynet, fico feliz de ver que voc\u00eas se superam a cada dia na qualidade e praticidade. Somos clientes h\u00e1 anos e nos orgulhamos disso, pois acertamos quando escolhemos voc\u00eas. Qualidade e responsabilidade \u00e9 o que faz da Oxynet o que \u00e9: Excel\u00eancia em hospedagem! Muito dos sites de hospedagem ditos como grandes, n\u00e3o oferecem a qualidade, confiabilidade e honestidade que voc\u00eas oferecem. Parab\u00e9ns e continuem assim como ontem foram e continuam at\u00e9 hoje.\n                    <\/div>\n<div class=\"quote-author\">\n                        <span>Jo\u00e3o Guilherme<\/span><\/p><\/div>\n<\/p><\/div>\n<div class=\"slide\">\n<div class=\"quote-text\">\n                    Bom dia, Gostaria de frisar o \u00f3timo atendimento que tenho tido. Este \u00e9 o terceiro dom\u00ednio que indico aos meus clientes. Nunca vi de todas as empresas de tecnologia que j\u00e1 trabalhei um atendimento t\u00e3o r\u00e1pido e eficiente como o da Oxynet. PERFEITO! Gostaria de parabenizar a empresa e a toda equipe de suporte. Meus sinceros parab\u00e9ns!\n                    <\/div>\n<div class=\"quote-author\">\n                        <span>Samanta C. Branco<\/span><\/p><\/div>\n<\/p><\/div>\n<\/p><\/div>\n<p><!--\/ .slides_container --><br \/>\n        <a href=\"#\" class=\"prev\"><\/a> <a href=\"#\" class=\"next\"><\/a>\n    <\/div>\n<p><!--\/ .slideshow slideQuotes --><br \/>\n    <script language=\"javascript\" type=\"text\/javascript\">\n       jQuery(document).ready(function($){\n            $(\"#testimonials88\").slides({\n                hoverPause: true,\n                play: 9000,\n                autoHeight: true,\n                pagination: false,\n                generatePagination: false,\n                effect: \"fade\",\n                fadeSpeed: 150});\n        });\n    <\/script><\/div>\n","protected":false},"excerpt":{"rendered":"<p>B\u00c1SICO R$22,00\/m\u00eas 5 GB Espa\u00e7o em Disco (Site + Email) 20 GB Transfer\u00eancia Mensal 2 Sub-Dom\u00ednios Contas de E-mail ILIMITADAS Painel de Controle cPanel Ativa\u00e7\u00e3o em at\u00e9 24 Horas Perfeito para: Pequenas Empresas Assinar AGORA PROFISSIONAL R$39,00\/m\u00eas 10 GB Espa\u00e7o em Disco (Site + Email) 40 GB Transfer\u00eancia Mensal 5 Sub-Dom\u00ednios Contas de E-mail ILIMITADAS&#8230;&nbsp;<a href=\"https:\/\/www.oxynet.com.br\/site\/testimonials\/samanta-c-branco\/\" class=\"link-more\">READ MORE<\/a><\/p>\n","protected":false},"author":1,"featured_media":0,"parent":0,"menu_order":0,"comment_status":"closed","ping_status":"closed","template":"","meta":{"_mi_skip_tracking":false},"_links":{"self":[{"href":"https:\/\/www.oxynet.com.br\/site\/wp-json\/wp\/v2\/pages\/78"}],"collection":[{"href":"https:\/\/www.oxynet.com.br\/site\/wp-json\/wp\/v2\/pages"}],"about":[{"href":"https:\/\/www.oxynet.com.br\/site\/wp-json\/wp\/v2\/types\/page"}],"author":[{"embeddable":true,"href":"https:\/\/www.oxynet.com.br\/site\/wp-json\/wp\/v2\/users\/1"}],"replies":[{"embeddable":true,"href":"https:\/\/www.oxynet.com.br\/site\/wp-json\/wp\/v2\/comments?post=78"}],"version-history":[{"count":29,"href":"https:\/\/www.oxynet.com.br\/site\/wp-json\/wp\/v2\/pages\/78\/revisions"}],"predecessor-version":[{"id":611,"href":"https:\/\/www.oxynet.com.br\/site\/wp-json\/wp\/v2\/pages\/78\/revisions\/611"}],"wp:attachment":[{"href":"https:\/\/www.oxynet.com.br\/site\/wp-json\/wp\/v2\/media?parent=78"}],"curies":[{"name":"wp","href":"https:\/\/api.w.org\/{rel}","templated":true}]}}